{"id":206,"date":"2026-01-26T12:10:47","date_gmt":"2026-01-26T12:10:47","guid":{"rendered":"https:\/\/akuralab.com\/?page_id=206"},"modified":"2026-01-26T12:10:47","modified_gmt":"2026-01-26T12:10:47","slug":"analisis-optico-y-espectroscopia","status":"publish","type":"page","link":"https:\/\/akuralab.com\/index.php\/analisis-optico-y-espectroscopia\/","title":{"rendered":"An\u00e1lisis \u00d3ptico y Espectroscop\u00eda"},"content":{"rendered":"","protected":false},"excerpt":{"rendered":"","protected":false},"author":1,"featured_media":0,"parent":0,"menu_order":0,"comment_status":"closed","ping_status":"closed","template":"","meta":{"footnotes":""},"class_list":["post-206","page","type-page","status-publish","hentry"],"jetpack_sharing_enabled":true,"_links":{"self":[{"href":"https:\/\/akuralab.com\/index.php\/wp-json\/wp\/v2\/pages\/206","targetHints":{"allow":["GET"]}}],"collection":[{"href":"https:\/\/akuralab.com\/index.php\/wp-json\/wp\/v2\/pages"}],"about":[{"href":"https:\/\/akuralab.com\/index.php\/wp-json\/wp\/v2\/types\/page"}],"author":[{"embeddable":true,"href":"https:\/\/akuralab.com\/index.php\/wp-json\/wp\/v2\/users\/1"}],"replies":[{"embeddable":true,"href":"https:\/\/akuralab.com\/index.php\/wp-json\/wp\/v2\/comments?post=206"}],"version-history":[{"count":1,"href":"https:\/\/akuralab.com\/index.php\/wp-json\/wp\/v2\/pages\/206\/revisions"}],"predecessor-version":[{"id":207,"href":"https:\/\/akuralab.com\/index.php\/wp-json\/wp\/v2\/pages\/206\/revisions\/207"}],"wp:attachment":[{"href":"https:\/\/akuralab.com\/index.php\/wp-json\/wp\/v2\/media?parent=206"}],"curies":[{"name":"wp","href":"https:\/\/api.w.org\/{rel}","templated":true}]}}